{"id":2539,"date":"2018-04-13T19:17:15","date_gmt":"2018-04-13T17:17:15","guid":{"rendered":"http:\/\/www.hasici-jivina.cz\/?page_id=2539"},"modified":"2018-08-20T15:00:28","modified_gmt":"2018-08-20T13:00:28","slug":"mapa-hydrantu","status":"publish","type":"page","link":"https:\/\/www.hasici-jivina.cz\/?page_id=2539","title":{"rendered":"Mapa hydrant\u016f"},"content":{"rendered":"        <div class=\"gmwd_container_wrapper\">            <div class=\"gmwd_container\">                <div id=\"gmwd_container_1\">                    <script>                        if(typeof gmwdmapData == 'undefined'){                            var gmwdmapData = [];                         }                                                                gmwdmapData[\"widget\" + '4'] = \"\";                                           gmwdmapData[\"mapId\" + '4'] = Number(\"2\");                                           gmwdmapData[\"centerLat\" + '4'] = Number(\"49.79521808766327\");                        gmwdmapData[\"centerLng\" + '4'] = Number(\"13.836279474868775\");\t                        gmwdmapData[\"zoom\" + '4'] = Number(\"16\");                        gmwdmapData[\"mapType\" + '4'] = \"1\";                        gmwdmapData[\"maxZoom\" + '4'] = Number(\"22\");                        gmwdmapData[\"minZoom\" + '4'] = Number(\"2\");                        gmwdmapData[\"mapWhellScrolling\" + '4'] = Number(\"1\") == 1 ? true : false;\t\t\t\t                        gmwdmapData[\"infoWindowOpenOn\" + '4'] = \"click\" ;\t\t\t\t                        gmwdmapData[\"mapDragable\" + '4'] = Number(\"1\") == 1 ? true : false;\t                            gmwdmapData[\"mapDbClickZoom\" + '4'] = Number(\"0\") == 1 ? true : false;\t                                                            gmwdmapData[\"enableZoomControl\" + '4'] = Number(\"1\") == 1 ? true : false;                        gmwdmapData[\"enableMapTypeControl\" + '4'] = Number(\"1\") == 1 ? true : false;\t\t\t                        gmwdmapData[\"mapTypeControlOptions\" + '4'] = {};                                                gmwdmapData[\"enableScaleControl\" + '4'] = Number(\"1\") == 1 ? true : false;                        gmwdmapData[\"enableStreetViewControl\" + '4'] = Number(\"1\") == 1 ? true : false;                        gmwdmapData[\"enableFullscreenControl\" + '4'] = Number(\"0\") == 1 ? true : false;                        gmwdmapData[\"enableRotateControl\" + '4'] = Number(\"1\") == 1 ? true : false;                        gmwdmapData[\"mapTypeControlPosition\" + '4'] = Number(\"0\");                                                gmwdmapData[\"zoomControlPosition\" + '4'] = Number(\"0\");                        gmwdmapData[\"streetViewControlPosition\" + '4'] = Number(\"0\");                                                gmwdmapData[\"fullscreenControlPosition\" + '4'] = Number(\"0\");                                                gmwdmapData[\"mapTypeControlStyle\" + '4'] = Number(\"0\");\t\t\t\t                        gmwdmapData[\"mapBorderRadius\" + '4'] = \"\";                        gmwdmapData[\"enableBykeLayer\" + '4'] =  Number(\"0\");\t                        gmwdmapData[\"enableTrafficLayer\" + '4'] =  Number(\"0\");\t\t\t\t                        gmwdmapData[\"enableTransitLayer\" + '4'] =  Number(\"0\");\t                        gmwdmapData[\"geoRSSURL\" + '4'] = \"\";\t                        gmwdmapData[\"KMLURL\" + '4'] = \"\";\t                        gmwdmapData[\"fusionTableId\" + '4'] = '';\t                                        gmwdmapData[\"mapTheme\" + '4'] = '';\t\t\t                        gmwdmapData[\"mapMarkers\" + '4'] = JSON.parse('{\"8\":{\"id\":\"8\",\"map_id\":\"2\",\"lat\":\"49.7958900\",\"lng\":\"13.8318300\",\"category\":\"0\",\"title\":\"Podzemn\\u00ed hydrant (Egner)\",\"address\":\"Jivina 66, 267 62 Jivina, \\u010cesko\",\"animation\":\"NONE\",\"enable_info_window\":\"1\",\"info_window_open\":\"0\",\"marker_size\":\"32\",\"custom_marker_url\":\"\",\"choose_marker_icon\":\"1\",\"description\":\"\",\"link_url\":\"\",\"pic_url\":\"\",\"published\":\"1\"},\"9\":{\"id\":\"9\",\"map_id\":\"2\",\"lat\":\"49.7934300\",\"lng\":\"13.8409500\",\"category\":\"0\",\"title\":\"Podzemn\\u00ed hydrant (Lupa\\u010d)\",\"address\":\"Jivina 23, 267 62 Jivina, \\u010cesko\",\"animation\":\"NONE\",\"enable_info_window\":\"1\",\"info_window_open\":\"0\",\"marker_size\":\"32\",\"custom_marker_url\":\"\",\"choose_marker_icon\":\"1\",\"description\":\"\",\"link_url\":\"\",\"pic_url\":\"\",\"published\":\"1\"},\"10\":{\"id\":\"10\",\"map_id\":\"2\",\"lat\":\"49.7942000\",\"lng\":\"13.8361400\",\"category\":\"0\",\"title\":\"Podzemn\\u00ed hydrant (Konzum)\",\"address\":\"Jivina 71, 267 62 Jivina, \\u010cesko\",\"animation\":\"NONE\",\"enable_info_window\":\"1\",\"info_window_open\":\"0\",\"marker_size\":\"32\",\"custom_marker_url\":\"\",\"choose_marker_icon\":\"1\",\"description\":\"\",\"link_url\":\"\",\"pic_url\":\"\",\"published\":\"1\"},\"11\":{\"id\":\"11\",\"map_id\":\"2\",\"lat\":\"49.7948100\",\"lng\":\"13.8337100\",\"category\":\"0\",\"title\":\"Podzemn\\u00ed hydrant (Lys\\u00e1k)\",\"address\":\"Jivina 59, 267 62 Jivina, \\u010cesko\",\"animation\":\"NONE\",\"enable_info_window\":\"1\",\"info_window_open\":\"0\",\"marker_size\":\"32\",\"custom_marker_url\":\"\",\"choose_marker_icon\":\"1\",\"description\":\"\",\"link_url\":\"\",\"pic_url\":\"\",\"published\":\"1\"},\"12\":{\"id\":\"12\",\"map_id\":\"2\",\"lat\":\"49.7974600\",\"lng\":\"13.8345200\",\"category\":\"0\",\"title\":\"Podzemn\\u00ed hydrant (\\u017d\\u00e1\\u010dek)\",\"address\":\"117, 267 62 Jivina, \\u010cesko\",\"animation\":\"NONE\",\"enable_info_window\":\"1\",\"info_window_open\":\"0\",\"marker_size\":\"32\",\"custom_marker_url\":\"\",\"choose_marker_icon\":\"1\",\"description\":\"\",\"link_url\":\"\",\"pic_url\":\"\",\"published\":\"1\"},\"13\":{\"id\":\"13\",\"map_id\":\"2\",\"lat\":\"49.7928000\",\"lng\":\"13.8375900\",\"category\":\"0\",\"title\":\"Podzemn\\u00ed hydrant (\\u0160tochl)\",\"address\":\"Jivina 37, 267 62 Jivina, \\u010cesko\",\"animation\":\"NONE\",\"enable_info_window\":\"1\",\"info_window_open\":\"0\",\"marker_size\":\"32\",\"custom_marker_url\":\"\",\"choose_marker_icon\":\"1\",\"description\":\"\",\"link_url\":\"\",\"pic_url\":\"\",\"published\":\"1\"},\"14\":{\"id\":\"14\",\"map_id\":\"2\",\"lat\":\"49.7941400\",\"lng\":\"13.8348400\",\"category\":\"0\",\"title\":\"Podzemn\\u00ed hydrant (Franta)\",\"address\":\"Jivina 29, 267 62 Jivina, \\u010cesko\",\"animation\":\"NONE\",\"enable_info_window\":\"1\",\"info_window_open\":\"0\",\"marker_size\":\"32\",\"custom_marker_url\":\"\",\"choose_marker_icon\":\"1\",\"description\":\"\",\"link_url\":\"\",\"pic_url\":\"\",\"published\":\"1\"},\"15\":{\"id\":\"15\",\"map_id\":\"2\",\"lat\":\"49.793463309095806\",\"lng\":\"13.837962317790925\",\"category\":\"0\",\"title\":\"Po\\u017e\\u00e1rn\\u00ed n\\u00e1dr\\u017e\",\"address\":\"267 62 Jivina, \\u010cesko\",\"animation\":\"NONE\",\"enable_info_window\":\"1\",\"info_window_open\":\"0\",\"marker_size\":\"32\",\"custom_marker_url\":\"\",\"choose_marker_icon\":\"1\",\"description\":\"\",\"link_url\":\"\",\"pic_url\":\"\",\"published\":\"1\"},\"16\":{\"id\":\"16\",\"map_id\":\"2\",\"lat\":\"49.784169290137605\",\"lng\":\"13.84405896690373\",\"category\":\"0\",\"title\":\"Jalov\\u00fd potok\",\"address\":\"267 62 Jivina, \\u010cesko\",\"animation\":\"NONE\",\"enable_info_window\":\"1\",\"info_window_open\":\"0\",\"marker_size\":\"32\",\"custom_marker_url\":\"\",\"choose_marker_icon\":\"1\",\"description\":\"\",\"link_url\":\"\",\"pic_url\":\"\",\"published\":\"1\"}}');                        gmwdmapData[\"mapPolygons\" + '4'] =  JSON.parse('[]');                        gmwdmapData[\"mapPolylines\" + '4'] = JSON.parse('{\"2\":{\"id\":\"2\",\"map_id\":\"2\",\"title\":\"Jalov\\u00fd potok\",\"line_width\":\"7\",\"line_color\":\"1723CF\",\"line_opacity\":\"0.8\",\"line_color_hover\":\"000000\",\"line_opacity_hover\":\"0.9\",\"data\":\"(49.797488405907174, 13.848435832016094),(49.79621923678872, 13.84807030976799),(49.79247929514202, 13.848199055800706),(49.79132262508624, 13.847630427489548),(49.79011051604613, 13.8458387118676),(49.788787551664306, 13.84425084430086),(49.78702123241087, 13.843821690687946),\",\"show_markers\":\"1\",\"enable_info_windows\":\"0\",\"published\":\"1\"}}');                                                gmwdmapData[\"enableCategoryFilter\" + '4'] = \"0\";                                                gmwdmapData[\"enableDirections\" + '4'] = \"0\";                        gmwdmapData[\"enableStoreLocatior\" + '4'] = \"0\";                        gmwdmapData[\"storeLocatorDistanceIn\" + '4'] = \"km\";                                                gmwdmapData[\"storeLocatorStrokeWidth\" + '4'] = Number(\"2\");                        gmwdmapData[\"storeLocatorFillColor\" + '4'] = \"#\" + \"7FDF16\";                        gmwdmapData[\"storeLocatorFillOpacity\" + '4'] = Number(\"0.3\");                        gmwdmapData[\"storeLocatorLineColor\" + '4'] = \"#\" + \"000\";                        gmwdmapData[\"storeLocatorLineOpacity\" + '4'] = Number(\"0.6\");                                                gmwdmapData[\"markerListingType\" + '4'] = \"0\";                        gmwdmapData[\"markerListInsideMap\" + '4'] = \"0\";                        gmwdmapData[\"markerListPosition\" + '4'] = Number(\"0\");                        gmwdmapData[\"infoWindowInfo\" + '4'] = \"title,address,desc,pic\";                        gmwdmapData[\"advancedInfoWindowPosition\" + '4'] = Number(\"10\");                        gmwdmapData[\"geolocateUser\" + '4'] = Number(\"0\");                        gmwdmapData[\"items\" + '4'] = \"3\";                                                gmwdmapData[\"enableSerchBox\" + '4'] = \"0\";                        gmwdmapData[\"serchBoxPosition\" + '4'] = Number(\"3\");                                                gmwdmapData[\"allMarkers\" + '4'] = [];                               gmwdmapData[\"allPolygons\" + '4'] = [];                        gmwdmapData[\"allPolygonMarkers\" + '4'] = [];                        gmwdmapData[\"allPolylines\" + '4'] = [];                        gmwdmapData[\"allPolylineMarkers\" + '4'] = [];                        gmwdmapData[\"infoWindows\" + '4'] = [];                        gmwdmapData[\"ajaxData\" + '4']  = {};                                                var ajaxURL = \"https:\/\/www.hasici-jivina.cz\/wp-admin\/admin-ajax.php\";                        var markerDefaultIcon = \"\";                        var GMWD_URL = \"https:\/\/www.hasici-jivina.cz\/wp-content\/plugins\/wd-google-maps\";                        jQuery( document ).ready(function() {\t\t\t\t\t                            gmwdInitMainMap(\"wd-map4\",false, '4');                            gmwdReadyFunction('4');                        });                    <\/script>                                        <div class=\"wd-clear\">                        <div id=\"wd-map4\" class=\"wd-row \" style=\" height:700px; width:100%\"><\/div>                    <\/div>                                                                <\/div>            <\/div>\t\t<\/div>\t\t\n<p>Po kliknut\u00ed na&nbsp;bod v map\u011b se&nbsp;objev\u00ed p\u0159esn\u00e1 adresa hydrantu.<\/p>\n<p>&nbsp;<\/p>\n<p>&nbsp;<\/p>\n","protected":false},"excerpt":{"rendered":"<p>Po kliknut\u00ed na&nbsp;bod v map\u011b se&nbsp;objev\u00ed p\u0159esn\u00e1 adresa hydrantu. &nbsp; &nbsp;<\/p>\n","protected":false},"author":1,"featured_media":0,"parent":0,"menu_order":0,"comment_status":"closed","ping_status":"closed","template":"","meta":{"footnotes":""},"class_list":["post-2539","page","type-page","status-publish","hentry"],"_links":{"self":[{"href":"https:\/\/www.hasici-jivina.cz\/index.php?rest_route=\/wp\/v2\/pages\/2539","targetHints":{"allow":["GET"]}}],"collection":[{"href":"https:\/\/www.hasici-jivina.cz\/index.php?rest_route=\/wp\/v2\/pages"}],"about":[{"href":"https:\/\/www.hasici-jivina.cz\/index.php?rest_route=\/wp\/v2\/types\/page"}],"author":[{"embeddable":true,"href":"https:\/\/www.hasici-jivina.cz\/index.php?rest_route=\/wp\/v2\/users\/1"}],"replies":[{"embeddable":true,"href":"https:\/\/www.hasici-jivina.cz\/index.php?rest_route=%2Fwp%2Fv2%2Fcomments&post=2539"}],"version-history":[{"count":0,"href":"https:\/\/www.hasici-jivina.cz\/index.php?rest_route=\/wp\/v2\/pages\/2539\/revisions"}],"wp:attachment":[{"href":"https:\/\/www.hasici-jivina.cz\/index.php?rest_route=%2Fwp%2Fv2%2Fmedia&parent=2539"}],"curies":[{"name":"wp","href":"https:\/\/api.w.org\/{rel}","templated":true}]}}